{"id":6176,"date":"2021-04-08T14:06:40","date_gmt":"2021-04-08T12:06:40","guid":{"rendered":"https:\/\/sovegansofine.com\/?page_id=6176"},"modified":"2021-04-13T15:15:58","modified_gmt":"2021-04-13T13:15:58","slug":"ueber-uns","status":"publish","type":"page","link":"https:\/\/sovegansofine.com\/de\/ueber-uns\/","title":{"rendered":"\u00dcber uns"},"content":{"rendered":"\n<h2 class=\"wp-block-heading\">So Vegan So Fein Schoko-Aufstriche<\/h2>\n\n\n\n<p>Aufstriche sind jetzt in fr\u00f6hlich bunten Gl\u00e4sern unter der Marke \u201eSo Vegan So Fein\u201c zu finden \u2013 diese sind vegan, 100% biologisch, Fairtrade-zertifiziert, ohne Palm\u00f6l und glutenfrei.<\/p>\n\n\n\n<p>So Vegan So Fein ist in f\u00fcnf k\u00f6stlichen Geschmacksrichtung erh\u00e4ltlich: eine zart-schmelzende Nuss-Nougat Creme mit sogar 15% Haseln\u00fcssen, eine intensive Schokocreme mit 11% Kakao, eine herrliche Mandel-Schokocreme mit 15% Mandeln, eine \u00fcberraschende wei\u00dfe Kokoscreme und eine herrlich schmelzende Zartbittercreme mit 30% Kakao.<\/p>\n\n\n\n<p>Zus\u00e4tzlich gibt es auch eine So Vegan So Fein Variante, die reich an Proteinen ist!<\/p>\n\n\n\n<p>Diese Crunchy Nuss-Nougat Creme enth\u00e4lt 70 % (!) weniger Zucker, 22% Reisprotein und knusprige Haselnussst\u00fcckchen f\u00fcr einen leckeren Biss.<\/p>\n\n\n\n<p>Du kannst somit fast jeden Wochentag eine andere k\u00f6stliche Sorte w\u00e4hlen!<\/p>\n","protected":false},"excerpt":{"rendered":"<p>So Vegan So Fein Schoko-Aufstriche Aufstriche sind jetzt in fr\u00f6hlich bunten Gl\u00e4sern unter der Marke \u201eSo Vegan So Fein\u201c zu finden \u2013 diese sind vegan, 100% biologisch, Fairtrade-zertifiziert, ohne Palm\u00f6l und glutenfrei. So Vegan So Fein ist in f\u00fcnf k\u00f6stlichen Geschmacksrichtung erh\u00e4ltlich: eine zart-schmelzende Nuss-Nougat Creme mit sogar 15% Haseln\u00fcssen, eine intensive Schokocreme mit 11% [&#8230;]<\/p>\n<p><a class=\"btn btn-dark understrap-read-more-link\" href=\"https:\/\/sovegansofine.com\/de\/ueber-uns\/\">><\/a><\/p>\n","protected":false},"author":1,"featured_media":0,"parent":0,"menu_order":2,"comment_status":"closed","ping_status":"closed","template":"page-templates\/about.php","meta":{"_acf_changed":false,"footnotes":""},"acf":[],"yoast_head":"<!-- This site is optimized with the Yoast SEO plugin v22.3 - https:\/\/yoast.com\/wordpress\/plugins\/seo\/ -->\n<title>\u00dcber uns - So Vegan So Fein<\/title>\n<meta name=\"robots\" content=\"index, follow, max-snippet:-1, max-image-preview:large, max-video-preview:-1\" \/>\n<link rel=\"canonical\" href=\"https:\/\/sovegansofine.com\/de\/ueber-uns\/\" \/>\n<meta property=\"og:locale\" content=\"de_DE\" \/>\n<meta property=\"og:type\" content=\"article\" \/>\n<meta property=\"og:title\" content=\"\u00dcber uns - So Vegan So Fein\" \/>\n<meta property=\"og:description\" content=\"So Vegan So Fein Schoko-Aufstriche Aufstriche sind jetzt in fr\u00f6hlich bunten Gl\u00e4sern unter der Marke \u201eSo Vegan So Fein\u201c zu finden \u2013 diese sind vegan, 100% biologisch, Fairtrade-zertifiziert, ohne Palm\u00f6l und glutenfrei. So Vegan So Fein ist in f\u00fcnf k\u00f6stlichen Geschmacksrichtung erh\u00e4ltlich: eine zart-schmelzende Nuss-Nougat Creme mit sogar 15% Haseln\u00fcssen, eine intensive Schokocreme mit 11% [...]&gt;\" \/>\n<meta property=\"og:url\" content=\"https:\/\/sovegansofine.com\/de\/ueber-uns\/\" \/>\n<meta property=\"og:site_name\" content=\"So Vegan So Fein\" \/>\n<meta property=\"article:publisher\" content=\"https:\/\/www.facebook.com\/sovegansofinenl\/\" \/>\n<meta property=\"article:modified_time\" content=\"2021-04-13T13:15:58+00:00\" \/>\n<meta name=\"twitter:card\" content=\"summary_large_image\" \/>\n<meta name=\"twitter:label1\" content=\"Gesch\u00e4tzte Lesezeit\" \/>\n\t<meta name=\"twitter:data1\" content=\"1\u00a0Minute\" \/>\n<script type=\"application\/ld+json\" class=\"yoast-schema-graph\">{\"@context\":\"https:\/\/schema.org\",\"@graph\":[{\"@type\":\"WebPage\",\"@id\":\"https:\/\/sovegansofine.com\/de\/ueber-uns\/\",\"url\":\"https:\/\/sovegansofine.com\/de\/ueber-uns\/\",\"name\":\"\u00dcber uns - So Vegan So Fein\",\"isPartOf\":{\"@id\":\"https:\/\/sovegansofine.com\/#website\"},\"datePublished\":\"2021-04-08T12:06:40+00:00\",\"dateModified\":\"2021-04-13T13:15:58+00:00\",\"breadcrumb\":{\"@id\":\"https:\/\/sovegansofine.com\/de\/ueber-uns\/#breadcrumb\"},\"inLanguage\":\"de\",\"potentialAction\":[{\"@type\":\"ReadAction\",\"target\":[\"https:\/\/sovegansofine.com\/de\/ueber-uns\/\"]}]},{\"@type\":\"BreadcrumbList\",\"@id\":\"https:\/\/sovegansofine.com\/de\/ueber-uns\/#breadcrumb\",\"itemListElement\":[{\"@type\":\"ListItem\",\"position\":1,\"name\":\"Home\",\"item\":\"https:\/\/sovegansofine.com\/de\/\"},{\"@type\":\"ListItem\",\"position\":2,\"name\":\"\u00dcber uns\"}]},{\"@type\":\"WebSite\",\"@id\":\"https:\/\/sovegansofine.com\/#website\",\"url\":\"https:\/\/sovegansofine.com\/\",\"name\":\"So Vegan So Fein\",\"description\":\"Der weltweit beste Bio-Schokoladenaufstrich.\",\"publisher\":{\"@id\":\"https:\/\/sovegansofine.com\/#organization\"},\"potentialAction\":[{\"@type\":\"SearchAction\",\"target\":{\"@type\":\"EntryPoint\",\"urlTemplate\":\"https:\/\/sovegansofine.com\/?s={search_term_string}\"},\"query-input\":\"required name=search_term_string\"}],\"inLanguage\":\"de\"},{\"@type\":\"Organization\",\"@id\":\"https:\/\/sovegansofine.com\/#organization\",\"name\":\"So Vegan So Fine\",\"url\":\"https:\/\/sovegansofine.com\/\",\"logo\":{\"@type\":\"ImageObject\",\"inLanguage\":\"de\",\"@id\":\"https:\/\/sovegansofine.com\/#\/schema\/logo\/image\/\",\"url\":\"https:\/\/sovegansofine.com\/wp-content\/uploads\/logo-de.png\",\"contentUrl\":\"https:\/\/sovegansofine.com\/wp-content\/uploads\/logo-de.png\",\"width\":124,\"height\":62,\"caption\":\"So Vegan So Fine\"},\"image\":{\"@id\":\"https:\/\/sovegansofine.com\/#\/schema\/logo\/image\/\"},\"sameAs\":[\"https:\/\/www.facebook.com\/sovegansofinenl\/\",\"https:\/\/www.instagram.com\/sovegansofinenl\/?hl=nl\"]}]}<\/script>\n<!-- \/ Yoast SEO plugin. -->","yoast_head_json":{"title":"\u00dcber uns - So Vegan So Fein","robots":{"index":"index","follow":"follow","max-snippet":"max-snippet:-1","max-image-preview":"max-image-preview:large","max-video-preview":"max-video-preview:-1"},"canonical":"https:\/\/sovegansofine.com\/de\/ueber-uns\/","og_locale":"de_DE","og_type":"article","og_title":"\u00dcber uns - So Vegan So Fein","og_description":"So Vegan So Fein Schoko-Aufstriche Aufstriche sind jetzt in fr\u00f6hlich bunten Gl\u00e4sern unter der Marke \u201eSo Vegan So Fein\u201c zu finden \u2013 diese sind vegan, 100% biologisch, Fairtrade-zertifiziert, ohne Palm\u00f6l und glutenfrei. So Vegan So Fein ist in f\u00fcnf k\u00f6stlichen Geschmacksrichtung erh\u00e4ltlich: eine zart-schmelzende Nuss-Nougat Creme mit sogar 15% Haseln\u00fcssen, eine intensive Schokocreme mit 11% [...]>","og_url":"https:\/\/sovegansofine.com\/de\/ueber-uns\/","og_site_name":"So Vegan So Fein","article_publisher":"https:\/\/www.facebook.com\/sovegansofinenl\/","article_modified_time":"2021-04-13T13:15:58+00:00","twitter_card":"summary_large_image","twitter_misc":{"Gesch\u00e4tzte Lesezeit":"1\u00a0Minute"},"schema":{"@context":"https:\/\/schema.org","@graph":[{"@type":"WebPage","@id":"https:\/\/sovegansofine.com\/de\/ueber-uns\/","url":"https:\/\/sovegansofine.com\/de\/ueber-uns\/","name":"\u00dcber uns - So Vegan So Fein","isPartOf":{"@id":"https:\/\/sovegansofine.com\/#website"},"datePublished":"2021-04-08T12:06:40+00:00","dateModified":"2021-04-13T13:15:58+00:00","breadcrumb":{"@id":"https:\/\/sovegansofine.com\/de\/ueber-uns\/#breadcrumb"},"inLanguage":"de","potentialAction":[{"@type":"ReadAction","target":["https:\/\/sovegansofine.com\/de\/ueber-uns\/"]}]},{"@type":"BreadcrumbList","@id":"https:\/\/sovegansofine.com\/de\/ueber-uns\/#breadcrumb","itemListElement":[{"@type":"ListItem","position":1,"name":"Home","item":"https:\/\/sovegansofine.com\/de\/"},{"@type":"ListItem","position":2,"name":"\u00dcber uns"}]},{"@type":"WebSite","@id":"https:\/\/sovegansofine.com\/#website","url":"https:\/\/sovegansofine.com\/","name":"So Vegan So Fein","description":"Der weltweit beste Bio-Schokoladenaufstrich.","publisher":{"@id":"https:\/\/sovegansofine.com\/#organization"},"potentialAction":[{"@type":"SearchAction","target":{"@type":"EntryPoint","urlTemplate":"https:\/\/sovegansofine.com\/?s={search_term_string}"},"query-input":"required name=search_term_string"}],"inLanguage":"de"},{"@type":"Organization","@id":"https:\/\/sovegansofine.com\/#organization","name":"So Vegan So Fine","url":"https:\/\/sovegansofine.com\/","logo":{"@type":"ImageObject","inLanguage":"de","@id":"https:\/\/sovegansofine.com\/#\/schema\/logo\/image\/","url":"https:\/\/sovegansofine.com\/wp-content\/uploads\/logo-de.png","contentUrl":"https:\/\/sovegansofine.com\/wp-content\/uploads\/logo-de.png","width":124,"height":62,"caption":"So Vegan So Fine"},"image":{"@id":"https:\/\/sovegansofine.com\/#\/schema\/logo\/image\/"},"sameAs":["https:\/\/www.facebook.com\/sovegansofinenl\/","https:\/\/www.instagram.com\/sovegansofinenl\/?hl=nl"]}]}},"_links":{"self":[{"href":"https:\/\/sovegansofine.com\/de\/wp-json\/wp\/v2\/pages\/6176"}],"collection":[{"href":"https:\/\/sovegansofine.com\/de\/wp-json\/wp\/v2\/pages"}],"about":[{"href":"https:\/\/sovegansofine.com\/de\/wp-json\/wp\/v2\/types\/page"}],"author":[{"embeddable":true,"href":"https:\/\/sovegansofine.com\/de\/wp-json\/wp\/v2\/users\/1"}],"replies":[{"embeddable":true,"href":"https:\/\/sovegansofine.com\/de\/wp-json\/wp\/v2\/comments?post=6176"}],"version-history":[{"count":6,"href":"https:\/\/sovegansofine.com\/de\/wp-json\/wp\/v2\/pages\/6176\/revisions"}],"predecessor-version":[{"id":6418,"href":"https:\/\/sovegansofine.com\/de\/wp-json\/wp\/v2\/pages\/6176\/revisions\/6418"}],"wp:attachment":[{"href":"https:\/\/sovegansofine.com\/de\/wp-json\/wp\/v2\/media?parent=6176"}],"curies":[{"name":"wp","href":"https:\/\/api.w.org\/{rel}","templated":true}]}}